{"id":474,"date":"2020-06-24T14:12:06","date_gmt":"2020-06-24T14:12:06","guid":{"rendered":"https:\/\/automotrizgonzalez.cl\/wp\/?post_type=product&#038;p=474"},"modified":"2020-06-24T20:02:18","modified_gmt":"2020-06-24T20:02:18","slug":"bujia-ngk-bkr6eix-iridio","status":"publish","type":"product","link":"https:\/\/automotrizgonzalez.cl\/wp\/tienda\/bujia-ngk-bkr6eix-iridio\/","title":{"rendered":"Buj\u00eda NGK BKR6EIX Iridio"},"content":{"rendered":"","protected":false},"excerpt":{"rendered":"<ul class=\"a-unordered-list a-vertical a-spacing-mini\">\n<li><span class=\"a-list-item\">Dise\u00f1ado espec\u00edficamente para el entusiasta del rendimiento, iridium IX ofrece una ignitabilidad extrema, una mejor respuesta del acelerador y un antiincrustante superior.<\/span><\/li>\n<li><span class=\"a-list-item\">La punta de iridio fino soldada con l\u00e1ser de 0.024\u00a0in garantiza una alta durabilidad y una chispa estable y el electrodo de tierra c\u00f3nico minimiza el efecto de enfriamiento el\u00e9ctrico.<\/span><\/li>\n<li><span class=\"a-list-item\">La nariz aislante m\u00e1s larga evita la incrustaci\u00f3n, las costillas corrugadas en el aislante evitan el flashover, y un sello de triple junta elimina las fugas de gas de combusti\u00f3n.<\/span><\/li>\n<li><span class=\"a-list-item\">La aleaci\u00f3n de iridio tiene un punto de fusi\u00f3n extremadamente alto, lo que le da una alta durabilidad al calor y al desgaste el\u00e9ctrico, perfecto para los motores de alto rendimiento de hoy en d\u00eda.<\/span><\/li>\n<li><span class=\"a-list-item\">El chapado de metal trivalente proporciona propiedades superiores anticorrosi\u00f3n y anticonvulsiones.<\/span><\/li>\n<\/ul>\n","protected":false},"featured_media":475,"comment_status":"open","ping_status":"closed","template":"","meta":{"site-sidebar-layout":"default","site-content-layout":"default","ast-site-content-layout":"default","site-content-style":"default","site-sidebar-style":"default","ast-global-header-display":"","ast-banner-title-visibility":"","ast-main-header-display":"","ast-hfb-above-header-display":"","ast-hfb-below-header-display":"","ast-hfb-mobile-header-display":"","site-post-title":"","ast-breadcrumbs-content":"","ast-featured-img":"","footer-sml-layout":"","ast-disable-related-posts":"","theme-transparent-header-meta":"default","adv-header-id-meta":"","stick-header-meta":"","header-above-stick-meta":"","header-main-stick-meta":"","header-below-stick-meta":"","astra-migrate-meta-layouts":"default","ast-page-background-enabled":"default","ast-page-background-meta":{"desktop":{"background-color":"var(--ast-global-color-4)","background-image":"","background-repeat":"repeat","background-position":"center center","background-size":"auto","background-attachment":"scroll","background-type":"","background-media":"","overlay-type":"","overlay-color":"","overlay-opacity":"","overlay-gradient":""},"tablet":{"background-color":"","background-image":"","background-repeat":"repeat","background-position":"center center","background-size":"auto","background-attachment":"scroll","background-type":"","background-media":"","overlay-type":"","overlay-color":"","overlay-opacity":"","overlay-gradient":""},"mobile":{"background-color":"","background-image":"","background-repeat":"repeat","background-position":"center center","background-size":"auto","background-attachment":"scroll","background-type":"","background-media":"","overlay-type":"","overlay-color":"","overlay-opacity":"","overlay-gradient":""}},"ast-content-background-meta":{"desktop":{"background-color":"var(--ast-global-color-5)","background-image":"","background-repeat":"repeat","background-position":"center center","background-size":"auto","background-attachment":"scroll","background-type":"","background-media":"","overlay-type":"","overlay-color":"","overlay-opacity":"","overlay-gradient":""},"tablet":{"background-color":"var(--ast-global-color-5)","background-image":"","background-repeat":"repeat","background-position":"center center","background-size":"auto","background-attachment":"scroll","background-type":"","background-media":"","overlay-type":"","overlay-color":"","overlay-opacity":"","overlay-gradient":""},"mobile":{"background-color":"var(--ast-global-color-5)","background-image":"","background-repeat":"repeat","background-position":"center center","background-size":"auto","background-attachment":"scroll","background-type":"","background-media":"","overlay-type":"","overlay-color":"","overlay-opacity":"","overlay-gradient":""}}},"product_brand":[],"product_cat":[71],"product_tag":[73,72],"class_list":{"0":"post-474","1":"product","2":"type-product","3":"status-publish","4":"has-post-thumbnail","6":"product_cat-bujias","7":"product_tag-encendido","8":"product_tag-mantencion","9":"desktop-align-left","10":"tablet-align-left","11":"mobile-align-left","13":"first","14":"instock","15":"shipping-taxable","16":"purchasable","17":"product-type-simple"},"jetpack_sharing_enabled":true,"_links":{"self":[{"href":"https:\/\/automotrizgonzalez.cl\/wp\/wp-json\/wp\/v2\/product\/474","targetHints":{"allow":["GET"]}}],"collection":[{"href":"https:\/\/automotrizgonzalez.cl\/wp\/wp-json\/wp\/v2\/product"}],"about":[{"href":"https:\/\/automotrizgonzalez.cl\/wp\/wp-json\/wp\/v2\/types\/product"}],"replies":[{"embeddable":true,"href":"https:\/\/automotrizgonzalez.cl\/wp\/wp-json\/wp\/v2\/comments?post=474"}],"wp:featuredmedia":[{"embeddable":true,"href":"https:\/\/automotrizgonzalez.cl\/wp\/wp-json\/wp\/v2\/media\/475"}],"wp:attachment":[{"href":"https:\/\/automotrizgonzalez.cl\/wp\/wp-json\/wp\/v2\/media?parent=474"}],"wp:term":[{"taxonomy":"product_brand","embeddable":true,"href":"https:\/\/automotrizgonzalez.cl\/wp\/wp-json\/wp\/v2\/product_brand?post=474"},{"taxonomy":"product_cat","embeddable":true,"href":"https:\/\/automotrizgonzalez.cl\/wp\/wp-json\/wp\/v2\/product_cat?post=474"},{"taxonomy":"product_tag","embeddable":true,"href":"https:\/\/automotrizgonzalez.cl\/wp\/wp-json\/wp\/v2\/product_tag?post=474"}],"curies":[{"name":"wp","href":"https:\/\/api.w.org\/{rel}","templated":true}]}}